{"id":6039,"date":"2024-12-02T14:58:40","date_gmt":"2024-12-02T13:58:40","guid":{"rendered":"https:\/\/jacknbob.fr\/charlinedubois\/index.php\/services-page\/"},"modified":"2026-02-20T08:52:19","modified_gmt":"2026-02-20T07:52:19","slug":"prestations","status":"publish","type":"page","link":"https:\/\/charlinedubois.com\/index.php\/prestations\/","title":{"rendered":"2. Prestations"},"content":{"rendered":"\n<div class=\"wp-block-group is-layout-constrained wp-block-group-is-layout-constrained\" style=\"margin-bottom:100px\">\n<h2 class=\"wp-block-heading has-text-align-center has-ti-accent-color has-text-color has-link-color has-england-signature-font-family wp-elements-2c8360e23b12ec74e21bf51b54a12b3e\" style=\"margin-top:var(--wp--preset--spacing--60);margin-bottom:var(--wp--preset--spacing--40);font-size:clamp(68.676px, 4.292rem + ((1vw - 3.2px) * 6.353), 150px);font-style:normal;font-weight:400;letter-spacing:0px\">Prestations<\/h2>\n\n\n\n<p class=\"has-text-align-center\" style=\"margin-top:var(--wp--preset--spacing--30);margin-bottom:var(--wp--preset--spacing--70);padding-top:0;padding-bottom:0\">Chaque projet d\u2019architecture d\u2019int\u00e9rieur, d\u2019am\u00e9nagement ou de r\u00e9novation est pens\u00e9 sur mesure, en fonction des besoins, des usages, du contexte du lieu et du budget.<br>J\u2019interviens \u00e0 Toulouse et \u00e0 distance, aupr\u00e8s des particuliers et des professionnels, pour concevoir des espaces coh\u00e9rents, fonctionnels et durables, qu\u2019ils soient r\u00e9sidentiels, professionnels ou \u00e0 vocation locative.<br>Les prestations s\u2019adaptent au niveau d\u2019accompagnement souhait\u00e9, du conseil ponctuel \u00e0 l\u2019accompagnement global, incluant la r\u00e9novation et la valorisation de biens destin\u00e9s \u00e0 la location. <br><br>Chaque projet \u00e9tant unique, n\u2019h\u00e9sitez pas \u00e0 nous faire part de vos attentes pour obtenir un devis personnalis\u00e9.<\/p>\n<\/div>\n\n\n\n\n\n<main class=\"wp-block-group is-vertical is-content-justification-center is-layout-flex wp-container-core-group-is-layout-485158b0 wp-block-group-is-layout-flex\" style=\"margin-top:0;margin-bottom:0;padding-top:0;padding-right:0;padding-bottom:0;padding-left:0\">\n<div class=\"wp-block-group alignfull has-ti-bg-alt-background-color has-background is-layout-constrained wp-block-group-is-layout-constrained\" style=\"margin-top:0;margin-bottom:0;padding-top:40px;padding-bottom:40px\">\n<div class=\"wp-block-columns alignwide is-layout-flex wp-container-core-columns-is-layout-8fbed60e wp-block-columns-is-layout-flex\" style=\"margin-top:0;margin-bottom:0\">\n<div class=\"wp-block-column is-vertically-aligned-center is-layout-flow wp-container-core-column-is-layout-3ff3f994 wp-block-column-is-layout-flow\" style=\"padding-top:24px;padding-right:24px;padding-bottom:24px;padding-left:24px\">\n<h2 class=\"wp-block-heading has-ti-accent-color has-text-color has-link-color has-dm-serif-display-font-family has-x-large-font-size wp-elements-bf34943d25930101f02ccd3f146ba3e5\" style=\"font-style:normal;font-weight:400\">Conseil et e-coaching<\/h2>\n\n\n\n\n\n<p style=\"font-size:clamp(14px, 0.875rem + ((1vw - 3.2px) * 0.156), 16px);\">Un accompagnement cibl\u00e9 pour \u00eatre guid\u00e9 et avancer sereinement dans vos choix d\u2019am\u00e9nagement et de d\u00e9coration, sans engager un projet complet.<\/p>\n\n\n\n<p style=\"font-size:clamp(14px, 0.875rem + ((1vw - 3.2px) * 0.156), 16px);\">Lors d\u2019un rendez-vous personnalis\u00e9 d\u2019environ 1h30, \u00e0 domicile ou \u00e0 distance, nous analysons votre espace, vos besoins et vos contraintes. <\/p>\n\n\n\n<p style=\"font-size:clamp(14px, 0.875rem + ((1vw - 3.2px) * 0.156), 16px);line-height:1.5\">Ce temps d\u2019\u00e9change permet d\u2019apporter des r\u00e9ponses concr\u00e8tes : <br>&#8211; optimisation des volumes et implantation du mobilier, <br>&#8211; harmonisation des couleurs et mat\u00e9riaux<br>&#8211; conseil mobilier et ambiance.<br><br>\u00c0 l\u2019issue du rendez-vous, vous repartez avec des conseils clairs et applicables pour faire \u00e9voluer votre int\u00e9rieur en toute autonomie.<\/p>\n\n\n\n<div class=\"wp-block-group is-layout-constrained wp-container-core-group-is-layout-92b9201d wp-block-group-is-layout-constrained\">\n<div class=\"wp-block-buttons has-custom-font-size is-layout-flex wp-block-buttons-is-layout-flex\" style=\"margin-top:var(--wp--preset--spacing--60);margin-bottom:0;font-size:clamp(14px, 0.875rem + ((1vw - 3.2px) * 0.156), 16px);line-height:1.5\">\n<div class=\"wp-block-button is-style-outline is-style-outline--5\"><a class=\"wp-block-button__link has-ti-accent-color has-text-color has-link-color wp-element-button\" href=\"https:\/\/charlinedubois.com\/index.php\/contact\/\" style=\"border-width:1px;border-top-left-radius:100px;border-top-right-radius:100px;border-bottom-left-radius:100px;border-bottom-right-radius:100px;padding-top:0;padding-bottom:0;font-style:normal;font-weight:400\">R\u00e9server un rendez-vous conseil<\/a><\/div>\n<\/div>\n<\/div>\n<\/div>\n\n\n\n<div class=\"wp-block-column is-layout-flow wp-block-column-is-layout-flow\">\n<figure class=\"wp-block-image aligncenter size-full is-resized\" style=\"margin-top:0;margin-bottom:0\"><img loading=\"lazy\" decoding=\"async\" width=\"672\" height=\"1536\" src=\"https:\/\/jacknbob.fr\/charlinedubois\/wp-content\/uploads\/2026\/02\/Gemini_Generated_Image_jxyw4sjxyw4sjxyw.png\" alt=\"\" class=\"wp-image-6897\" style=\"aspect-ratio:1;object-fit:cover;width:550px\" srcset=\"https:\/\/charlinedubois.com\/wp-content\/uploads\/2026\/02\/Gemini_Generated_Image_jxyw4sjxyw4sjxyw.png 672w, https:\/\/charlinedubois.com\/wp-content\/uploads\/2026\/02\/Gemini_Generated_Image_jxyw4sjxyw4sjxyw-131x300.png 131w, https:\/\/charlinedubois.com\/wp-content\/uploads\/2026\/02\/Gemini_Generated_Image_jxyw4sjxyw4sjxyw-448x1024.png 448w\" sizes=\"auto, (max-width: 672px) 100vw, 672px\" \/><\/figure>\n<\/div>\n<\/div>\n<\/div>\n\n\n\n<div class=\"wp-block-group alignfull is-layout-constrained wp-block-group-is-layout-constrained\" style=\"margin-top:0;margin-bottom:0;padding-top:64px;padding-bottom:64px\">\n<div class=\"wp-block-columns alignwide is-layout-flex wp-container-core-columns-is-layout-28232c24 wp-block-columns-is-layout-flex\">\n<div class=\"wp-block-column is-layout-flow wp-block-column-is-layout-flow\">\n<figure class=\"wp-block-image aligncenter size-full is-resized\" style=\"margin-top:0;margin-bottom:0\"><img loading=\"lazy\" decoding=\"async\" width=\"704\" height=\"1520\" src=\"https:\/\/jacknbob.fr\/charlinedubois\/wp-content\/uploads\/2026\/02\/Charline_Dubois_Architecte_Conseil_E_coaching_Deco-1.png\" alt=\"\" class=\"wp-image-6853\" style=\"aspect-ratio:1;object-fit:cover;width:550px\" srcset=\"https:\/\/charlinedubois.com\/wp-content\/uploads\/2026\/02\/Charline_Dubois_Architecte_Conseil_E_coaching_Deco-1.png 704w, https:\/\/charlinedubois.com\/wp-content\/uploads\/2026\/02\/Charline_Dubois_Architecte_Conseil_E_coaching_Deco-1-139x300.png 139w, https:\/\/charlinedubois.com\/wp-content\/uploads\/2026\/02\/Charline_Dubois_Architecte_Conseil_E_coaching_Deco-1-474x1024.png 474w\" sizes=\"auto, (max-width: 704px) 100vw, 704px\" \/><\/figure>\n<\/div>\n\n\n\n<div class=\"wp-block-column is-vertically-aligned-center is-layout-flow wp-container-core-column-is-layout-3ff3f994 wp-block-column-is-layout-flow\" style=\"padding-top:24px;padding-right:24px;padding-bottom:24px;padding-left:24px\">\n<h2 class=\"wp-block-heading has-ti-accent-color has-text-color has-link-color has-dm-serif-display-font-family has-x-large-font-size wp-elements-782c0e14df8f6bb2e78aa0e85f5f483e\" style=\"font-style:normal;font-weight:400\">Am\u00e9nagement &amp; D\u00e9coration<\/h2>\n\n\n\n<p style=\"font-size:clamp(14px, 0.875rem + ((1vw - 3.2px) * 0.156), 16px);font-style:normal;font-weight:300\">Une approche qui repense l\u2019organisation des espaces, optimise l\u2019implantation du mobilier et travaille l\u2019identit\u00e9 d\u00e9corative du lieu, afin de cr\u00e9er un int\u00e9rieur plus fluide, harmonieux et adapt\u00e9 \u00e0 votre mode de vie.<\/p>\n\n\n\n<p style=\"font-size:clamp(14px, 0.875rem + ((1vw - 3.2px) * 0.156), 16px);\">Ce projet s\u2019adresse aux espaces existants ne n\u00e9cessitant pas de transformation lourde, mais demandant une r\u00e9flexion structur\u00e9e pour gagner en coh\u00e9rence, en fonctionnalit\u00e9 et en qualit\u00e9 esth\u00e9tique.<\/p>\n\n\n\n<p style=\"font-size:clamp(14px, 0.875rem + ((1vw - 3.2px) * 0.156), 16px);\">Je con\u00e7ois un projet d\u2019am\u00e9nagement int\u00e9rieur et d\u00e9coratif sur mesure comprenant :<\/p>\n\n\n\n<p style=\"font-size:clamp(14px, 0.875rem + ((1vw - 3.2px) * 0.156), 16px);line-height:1.5\">\u2013 une r\u00e9flexion globale sur l\u2019organisation des volumes et des circulations<br>\u2013 des plans d\u2019implantation du mobilier optimis\u00e9s<br>\u2013 des planches d\u2019ambiance pour d\u00e9finir l\u2019univers du lieu<br>\u2013 une s\u00e9lection de couleurs, mat\u00e9riaux et finitions<br>\u2013 un choix de mobilier et d\u2019\u00e9l\u00e9ments d\u00e9coratifs coh\u00e9rents<br>\u2013 une shopping list d\u00e9taill\u00e9e<br>\u2013 des visuels 3D pour faciliter la projection<\/p>\n\n\n\n<p>Vous b\u00e9n\u00e9ficiez d\u2019une vision claire et structur\u00e9e pour transformer votre int\u00e9rieur avec s\u00e9r\u00e9nit\u00e9, \u00e0 votre rythme, tout en affirmant une v\u00e9ritable identit\u00e9 d\u00e9corative.<\/p>\n\n\n\n<div class=\"wp-block-buttons has-custom-font-size is-layout-flex wp-block-buttons-is-layout-flex\" style=\"margin-top:var(--wp--preset--spacing--60);margin-bottom:0;font-size:clamp(14px, 0.875rem + ((1vw - 3.2px) * 0.156), 16px);line-height:1.5\">\n<div class=\"wp-block-button is-style-outline is-style-outline--6\"><a class=\"wp-block-button__link has-ti-accent-color has-text-color has-link-color wp-element-button\" href=\"https:\/\/charlinedubois.com\/index.php\/contact\/\" style=\"border-width:1px;border-top-left-radius:100px;border-top-right-radius:100px;border-bottom-left-radius:100px;border-bottom-right-radius:100px;padding-top:0;padding-bottom:0;font-style:normal;font-weight:400\">\u00c9tudier mon projet d\u2019am\u00e9nagement<\/a><\/div>\n<\/div>\n<\/div>\n<\/div>\n<\/div>\n\n\n\n<div class=\"wp-block-group alignfull has-ti-bg-alt-background-color has-background is-layout-constrained wp-block-group-is-layout-constrained\" style=\"margin-top:0;margin-bottom:0;padding-top:64px;padding-bottom:64px\">\n<div class=\"wp-block-columns alignwide is-layout-flex wp-container-core-columns-is-layout-8eb77903 wp-block-columns-is-layout-flex\" style=\"margin-top:0;margin-bottom:0\">\n<div class=\"wp-block-column is-vertically-aligned-center is-layout-flow wp-container-core-column-is-layout-3ff3f994 wp-block-column-is-layout-flow\" style=\"padding-top:24px;padding-right:24px;padding-bottom:24px;padding-left:24px\">\n<h2 class=\"wp-block-heading has-ti-accent-color has-text-color has-link-color has-dm-serif-display-font-family has-x-large-font-size wp-elements-7ce822f0b313ebfa879acbfd089eb6ac\" style=\"font-style:normal;font-weight:400\">Architecture int\u00e9rieure <br>&amp; R\u00e9novation<\/h2>\n\n\n\n<p style=\"font-size:clamp(14px, 0.875rem + ((1vw - 3.2px) * 0.156), 16px);font-style:normal;font-weight:300\">Cette prestation s\u2019adresse aux projets de r\u00e9novation compl\u00e8te ou de transformation n\u00e9cessitant une r\u00e9flexion architecturale approfondie, des modifications d\u2019agencement et une conception technique pr\u00e9cise.<\/p>\n\n\n\n<p style=\"font-size:clamp(14px, 0.875rem + ((1vw - 3.2px) * 0.156), 16px);\">\u00c0 partir d\u2019une analyse approfondie de votre mode de vie et du potentiel du lieu, je con\u00e7ois un projet structur\u00e9, coh\u00e9rent et pr\u00eat \u00e0 \u00eatre r\u00e9alis\u00e9.<br>La mission comprend :<br>\u2013 des plans d\u2019am\u00e9nagement avec modifications \u00e9ventuelles des cloisons<br>\u2013 l\u2019optimisation des implantations et des circulations<br>\u2013 la conception technique des pi\u00e8ces sp\u00e9cifiques (cuisine, salle de bain, rangements sur mesure\u2026)<br>\u2013 les plans et documents techniques n\u00e9cessaires \u00e0 la consultation des entreprises<br>\u2013 des visuels 3D pour faciliter la projection<br>\u2013 une s\u00e9lection pr\u00e9cise de mat\u00e9riaux, finitions et \u00e9quipements<\/p>\n\n\n\n<p style=\"font-size:clamp(14px, 0.875rem + ((1vw - 3.2px) * 0.156), 16px);\">Vous recevez un <strong>dossier complet, pr\u00eat \u00e0 \u00eatre mis en \u0153uvre<\/strong>, permettant aux artisans d\u2019intervenir avec une vision claire du projet.<br>Je peux \u00e9galement vous orienter vers des artisans de confiance habitu\u00e9s \u00e0 travailler \u00e0 partir de dossiers d\u2019architecture int\u00e9rieure d\u00e9taill\u00e9s.<\/p>\n\n\n\n<div class=\"wp-block-buttons has-custom-font-size is-layout-flex wp-block-buttons-is-layout-flex\" style=\"margin-top:var(--wp--preset--spacing--60);margin-bottom:0;font-size:clamp(14px, 0.875rem + ((1vw - 3.2px) * 0.156), 16px);line-height:1.5\">\n<div class=\"wp-block-button is-style-outline is-style-outline--7\"><a class=\"wp-block-button__link has-ti-accent-color has-text-color has-link-color wp-element-button\" href=\"https:\/\/charlinedubois.com\/index.php\/contact\/\" style=\"border-width:1px;border-top-left-radius:100px;border-top-right-radius:100px;border-bottom-left-radius:100px;border-bottom-right-radius:100px;padding-top:0;padding-bottom:0;font-style:normal;font-weight:400\">Discuter de mon projet d&rsquo;architecture int\u00e9rieure<\/a><\/div>\n<\/div>\n<\/div>\n\n\n\n<div class=\"wp-block-column is-layout-flow wp-block-column-is-layout-flow\">\n<figure class=\"wp-block-image aligncenter size-full is-resized\" style=\"margin-top:0;margin-bottom:0\"><img loading=\"lazy\" decoding=\"async\" width=\"2560\" height=\"1440\" src=\"https:\/\/jacknbob.fr\/charlinedubois\/wp-content\/uploads\/2026\/01\/IMG_0103-scaled.jpg\" alt=\"\" class=\"wp-image-6230\" style=\"aspect-ratio:1;object-fit:cover;width:550px\" srcset=\"https:\/\/charlinedubois.com\/wp-content\/uploads\/2026\/01\/IMG_0103-scaled.jpg 2560w, https:\/\/charlinedubois.com\/wp-content\/uploads\/2026\/01\/IMG_0103-300x169.jpg 300w, https:\/\/charlinedubois.com\/wp-content\/uploads\/2026\/01\/IMG_0103-1024x576.jpg 1024w, https:\/\/charlinedubois.com\/wp-content\/uploads\/2026\/01\/IMG_0103-768x432.jpg 768w, https:\/\/charlinedubois.com\/wp-content\/uploads\/2026\/01\/IMG_0103-1536x864.jpg 1536w, https:\/\/charlinedubois.com\/wp-content\/uploads\/2026\/01\/IMG_0103-2048x1152.jpg 2048w\" sizes=\"auto, (max-width: 2560px) 100vw, 2560px\" \/><\/figure>\n<\/div>\n<\/div>\n<\/div>\n\n\n\n<div class=\"wp-block-group alignfull is-layout-constrained wp-block-group-is-layout-constrained\" style=\"margin-top:0;margin-bottom:0;padding-top:64px;padding-bottom:64px\">\n<div class=\"wp-block-columns alignwide is-layout-flex wp-container-core-columns-is-layout-28232c24 wp-block-columns-is-layout-flex\">\n<div class=\"wp-block-column is-layout-flow wp-block-column-is-layout-flow\">\n<figure class=\"wp-block-image aligncenter size-full is-resized\" style=\"margin-top:0;margin-bottom:0\"><img loading=\"lazy\" decoding=\"async\" width=\"1600\" height=\"1067\" src=\"https:\/\/jacknbob.fr\/charlinedubois\/wp-content\/uploads\/2026\/02\/IMG_3080.webp\" alt=\"\" class=\"wp-image-6289\" style=\"aspect-ratio:1;object-fit:cover;width:550px\" srcset=\"https:\/\/charlinedubois.com\/wp-content\/uploads\/2026\/02\/IMG_3080.webp 1600w, https:\/\/charlinedubois.com\/wp-content\/uploads\/2026\/02\/IMG_3080-300x200.webp 300w, https:\/\/charlinedubois.com\/wp-content\/uploads\/2026\/02\/IMG_3080-1024x683.webp 1024w, https:\/\/charlinedubois.com\/wp-content\/uploads\/2026\/02\/IMG_3080-768x512.webp 768w, https:\/\/charlinedubois.com\/wp-content\/uploads\/2026\/02\/IMG_3080-1536x1024.webp 1536w\" sizes=\"auto, (max-width: 1600px) 100vw, 1600px\" \/><\/figure>\n<\/div>\n\n\n\n<div class=\"wp-block-column is-vertically-aligned-center is-layout-flow wp-container-core-column-is-layout-3ff3f994 wp-block-column-is-layout-flow\" style=\"padding-top:24px;padding-right:24px;padding-bottom:24px;padding-left:24px\">\n<h2 class=\"wp-block-heading has-ti-accent-color has-text-color has-link-color has-dm-serif-display-font-family has-x-large-font-size wp-elements-68a2e11c27fdd0a9438128e0a19e522f\" style=\"font-style:normal;font-weight:400\">Valorisation immobili\u00e8re<\/h2>\n\n\n\n<p style=\"font-size:clamp(14px, 0.875rem + ((1vw - 3.2px) * 0.156), 16px);font-style:normal;font-weight:300\">La valorisation immobili\u00e8re s\u2019adresse aux propri\u00e9taires et investisseurs souhaitant vendre ou louer un bien dans les meilleures conditions. Il ne s\u2019agit pas simplement d\u2019embellir un espace, mais de le transformer pour le rendre plus coh\u00e9rent, plus attractif et naturellement d\u00e9sirable.<\/p>\n\n\n\n<p style=\"font-size:clamp(14px, 0.875rem + ((1vw - 3.2px) * 0.156), 16px);\">Une architecture int\u00e9rieure pens\u00e9e avec justesse devient un v\u00e9ritable levier pour se d\u00e9marquer et susciter plus facilement coup de c\u0153ur, r\u00e9servations ou offres d\u2019achat.<\/p>\n\n\n\n<p style=\"font-size:clamp(14px, 0.875rem + ((1vw - 3.2px) * 0.156), 16px);\">Chaque projet d\u00e9bute par une analyse approfondie des volumes, de la circulation, de la lumi\u00e8re et du potentiel architectural du lieu.<br>J\u2019\u00e9labore ensuite un projet cl\u00e9 en main int\u00e9grant des plans d\u2019am\u00e9nagement optimis\u00e9s, une s\u00e9lection r\u00e9fl\u00e9chie de mat\u00e9riaux et de palettes de couleurs, un mobilier et des \u00e9quipements adapt\u00e9s aux usages locatifs, ainsi qu\u2019une identit\u00e9 singuli\u00e8re permettant au bien de se distinguer durablement.<\/p>\n\n\n\n<p style=\"font-size:clamp(14px, 0.875rem + ((1vw - 3.2px) * 0.156), 16px);line-height:1.5\">En option : accompagnement \u00e0 la mise en place et photographies professionnelles pour sublimer la pr\u00e9sentation du bien.<\/p>\n\n\n\n<div class=\"wp-block-buttons has-custom-font-size is-layout-flex wp-block-buttons-is-layout-flex\" style=\"margin-top:var(--wp--preset--spacing--60);margin-bottom:0;font-size:clamp(14px, 0.875rem + ((1vw - 3.2px) * 0.156), 16px);line-height:1.5\">\n<div class=\"wp-block-button is-style-outline is-style-outline--8\"><a class=\"wp-block-button__link has-ti-accent-color has-text-color has-link-color wp-element-button\" href=\"https:\/\/charlinedubois.com\/index.php\/contact\/\" style=\"border-width:1px;border-top-left-radius:100px;border-top-right-radius:100px;border-bottom-left-radius:100px;border-bottom-right-radius:100px;padding-top:0;padding-bottom:0;font-style:normal;font-weight:400\">Demander une \u00e9tude personnalis\u00e9e<\/a><\/div>\n<\/div>\n<\/div>\n<\/div>\n<\/div>\n\n\n\n<div class=\"wp-block-cover alignfull is-light\" style=\"margin-top:var(--wp--preset--spacing--80);margin-bottom:150px;padding-top:24px;padding-right:57px;padding-bottom:24px;padding-left:57px;min-height:500px;aspect-ratio:unset;\"><span aria-hidden=\"true\" class=\"wp-block-cover__background has-ti-bg-inv-background-color has-background-dim-100 has-background-dim\"><\/span><div class=\"wp-block-cover__inner-container is-layout-flow wp-container-core-cover-is-layout-2681add6 wp-block-cover-is-layout-flow\">\n<div class=\"wp-block-group has-ti-fg-alt-color has-text-color is-layout-constrained wp-container-core-group-is-layout-5a30f31b wp-block-group-is-layout-constrained\">\n<h2 class=\"wp-block-heading alignwide has-text-align-center has-custom-gris-3-color has-text-color has-link-color has-england-signature-font-family wp-elements-68d473f4b525a67133ba7a47c5c89b5c\" style=\"margin-right:var(--wp--preset--spacing--80);margin-left:var(--wp--preset--spacing--80);font-size:clamp(42.901px, 2.681rem + ((1vw - 3.2px) * 3.055), 82px);font-style:normal;font-weight:400\">Chaque int\u00e9rieur m\u00e9rite une r\u00e9flexion sur mesure<\/h2>\n\n\n\n<p class=\"has-text-align-center has-custom-gris-3-color has-text-color has-link-color wp-elements-d25a74d4c015ad2fce96bf289253ac86\" style=\"font-size:clamp(14px, 0.875rem + ((1vw - 3.2px) * 0.156), 16px);\">Architecte d\u2019int\u00e9rieur \u00e0 Toulouse, je vous accompagne dans vos projets d\u2019am\u00e9nagement int\u00e9rieur et de r\u00e9novation, en cr\u00e9ant des espaces \u00e0 la fois fonctionnels, esth\u00e9tiques et adapt\u00e9s \u00e0 votre mode de vie.<\/p>\n\n\n\n<p class=\"has-text-align-center has-custom-gris-3-color has-text-color has-link-color wp-elements-d157fd6df62d3da5d0aaed43d7b1c071\" style=\"font-size:clamp(14px, 0.875rem + ((1vw - 3.2px) * 0.156), 16px);\">Discutons de votre projet et des solutions personnalis\u00e9es pour r\u00e9v\u00e9ler tout le potentiel de votre habitat.<\/p>\n\n\n\n<div class=\"wp-block-buttons is-content-justification-center is-layout-flex wp-container-core-buttons-is-layout-b30bd9b3 wp-block-buttons-is-layout-flex\" style=\"margin-top:var(--wp--preset--spacing--70)\">\n<div class=\"wp-block-button is-style-fill\"><a class=\"wp-block-button__link has-ti-bg-color has-ti-accent-background-color has-text-color has-background has-link-color wp-element-button\" href=\"https:\/\/charlinedubois.com\/index.php\/contact\/\" style=\"border-width:1px;border-top-left-radius:100px;border-top-right-radius:100px;border-bottom-left-radius:100px;border-bottom-right-radius:100px;padding-top:0;padding-bottom:0;font-style:normal;font-weight:300\">\u00c9changeons sur votre projet<\/a><\/div>\n<\/div>\n<\/div>\n<\/div><\/div>\n<\/main>\n","protected":false},"excerpt":{"rendered":"<p>Conseil et e-coaching Un regard professionnel pour vous guider, donner forme \u00e0 vos envies. Am\u00e9nagement &amp; d\u00e9co Repenser et optimiser vos espaces pour cr\u00e9er un int\u00e9rieur harmonieux et fonctionnel. Architecture int\u00e9rieure &amp; R\u00e9novation Un accompagnement complet, de l\u2019id\u00e9e \u00e0 la r\u00e9alisation. Valorisation immobili\u00e8re Valoriser votre bien pour mieux vendre ou louer. Conseil et e-coaching Un [&hellip;]<\/p>\n","protected":false},"author":1,"featured_media":0,"parent":0,"menu_order":0,"comment_status":"closed","ping_status":"closed","template":"template-plain","meta":{"_themeisle_gutenberg_block_has_review":false,"footnotes":""},"class_list":["post-6039","page","type-page","status-publish","hentry"],"_links":{"self":[{"href":"https:\/\/charlinedubois.com\/index.php\/wp-json\/wp\/v2\/pages\/6039","targetHints":{"allow":["GET"]}}],"collection":[{"href":"https:\/\/charlinedubois.com\/index.php\/wp-json\/wp\/v2\/pages"}],"about":[{"href":"https:\/\/charlinedubois.com\/index.php\/wp-json\/wp\/v2\/types\/page"}],"author":[{"embeddable":true,"href":"https:\/\/charlinedubois.com\/index.php\/wp-json\/wp\/v2\/users\/1"}],"replies":[{"embeddable":true,"href":"https:\/\/charlinedubois.com\/index.php\/wp-json\/wp\/v2\/comments?post=6039"}],"version-history":[{"count":125,"href":"https:\/\/charlinedubois.com\/index.php\/wp-json\/wp\/v2\/pages\/6039\/revisions"}],"predecessor-version":[{"id":7013,"href":"https:\/\/charlinedubois.com\/index.php\/wp-json\/wp\/v2\/pages\/6039\/revisions\/7013"}],"wp:attachment":[{"href":"https:\/\/charlinedubois.com\/index.php\/wp-json\/wp\/v2\/media?parent=6039"}],"curies":[{"name":"wp","href":"https:\/\/api.w.org\/{rel}","templated":true}]}}