{"id":6038,"date":"2024-12-02T14:58:40","date_gmt":"2024-12-02T13:58:40","guid":{"rendered":"https:\/\/jacknbob.fr\/charlinedubois\/index.php\/portfolio-page\/"},"modified":"2026-02-20T08:54:24","modified_gmt":"2026-02-20T07:54:24","slug":"realisations","status":"publish","type":"page","link":"https:\/\/charlinedubois.com\/index.php\/realisations\/","title":{"rendered":"3. R\u00e9alisations"},"content":{"rendered":"\n<div class=\"wp-block-group is-layout-constrained wp-block-group-is-layout-constrained\" style=\"margin-bottom:100px\">\n<h2 class=\"wp-block-heading has-text-align-center has-ti-accent-color has-text-color has-link-color has-england-signature-font-family wp-elements-5b8086f10b81ec7ef28673de56ae4b58\" style=\"margin-top:var(--wp--preset--spacing--60);margin-bottom:var(--wp--preset--spacing--40);font-size:clamp(68.676px, 4.292rem + ((1vw - 3.2px) * 6.353), 150px);font-style:normal;font-weight:400;letter-spacing:0px\">R\u00e9alisations<\/h2>\n\n\n\n<p class=\"has-text-align-center\" style=\"margin-top:var(--wp--preset--spacing--30);margin-bottom:var(--wp--preset--spacing--70);padding-top:0;padding-bottom:0\">Chaque projet incarne une vision.<br>D\u2019un espace existant \u00e0 un int\u00e9rieur structur\u00e9, harmonieux et optimis\u00e9, chaque r\u00e9alisation traduit une approche sur mesure alliant architecture int\u00e9rieure, d\u00e9coration et sens du d\u00e9tail.<br>Des lieux pens\u00e9s pour durer, s\u2019adapter et r\u00e9v\u00e9ler tout leur potentiel.<\/p>\n\n\n\n<p class=\"has-text-align-center\" style=\"margin-top:var(--wp--preset--spacing--30);margin-bottom:var(--wp--preset--spacing--70);padding-top:0;padding-bottom:0\"><\/p>\n<\/div>\n\n\n\n<div class=\"wp-block-group alignfull is-layout-constrained wp-container-core-group-is-layout-6fb5327a wp-block-group-is-layout-constrained\" style=\"padding-top:0vw;padding-right:6vw;padding-bottom:6vw;padding-left:6vw\">\n<div class=\"wp-block-group is-vertical is-nowrap is-layout-flex wp-container-core-group-is-layout-36fd9ea3 wp-block-group-is-layout-flex\" style=\"padding-right:0;padding-left:0\">\n\n<\/div>\n\n\n\n<div style=\"height:1vw\" aria-hidden=\"true\" class=\"wp-block-spacer\"><\/div>\n\n\n\n<div class=\"wp-block-group alignwide is-vertical is-nowrap is-layout-flex wp-container-core-group-is-layout-7946b6b8 wp-block-group-is-layout-flex\" style=\"padding-top:0;padding-right:0;padding-bottom:0;padding-left:0\">\n<div class=\"wp-block-columns alignwide is-layout-flex wp-container-core-columns-is-layout-21b20327 wp-block-columns-is-layout-flex\">\n<div class=\"wp-block-column is-layout-flow wp-block-column-is-layout-flow\" style=\"flex-basis:33.38%\">\n\n\n<figure class=\"wp-block-image size-large\"><img loading=\"lazy\" decoding=\"async\" width=\"683\" height=\"1024\" src=\"https:\/\/jacknbob.fr\/charlinedubois\/wp-content\/uploads\/2026\/02\/IMG_3257-683x1024.webp\" alt=\"\" class=\"wp-image-6322\" srcset=\"https:\/\/charlinedubois.com\/wp-content\/uploads\/2026\/02\/IMG_3257-683x1024.webp 683w, https:\/\/charlinedubois.com\/wp-content\/uploads\/2026\/02\/IMG_3257-200x300.webp 200w, https:\/\/charlinedubois.com\/wp-content\/uploads\/2026\/02\/IMG_3257-768x1152.webp 768w, https:\/\/charlinedubois.com\/wp-content\/uploads\/2026\/02\/IMG_3257-1024x1536.webp 1024w, https:\/\/charlinedubois.com\/wp-content\/uploads\/2026\/02\/IMG_3257-1365x2048.webp 1365w, https:\/\/charlinedubois.com\/wp-content\/uploads\/2026\/02\/IMG_3257.webp 1600w\" sizes=\"auto, (max-width: 683px) 100vw, 683px\" \/><\/figure>\n<\/div>\n\n\n\n<div class=\"wp-block-column is-layout-flow wp-block-column-is-layout-flow\" style=\"flex-basis:33%\">\n<div style=\"height:2vw\" aria-hidden=\"true\" class=\"wp-block-spacer\"><\/div>\n\n\n\n<figure class=\"wp-block-image size-large\"><img loading=\"lazy\" decoding=\"async\" width=\"683\" height=\"1024\" src=\"https:\/\/jacknbob.fr\/charlinedubois\/wp-content\/uploads\/2026\/02\/IMG_3203-683x1024.webp\" alt=\"\" class=\"wp-image-6313\" srcset=\"https:\/\/charlinedubois.com\/wp-content\/uploads\/2026\/02\/IMG_3203-683x1024.webp 683w, https:\/\/charlinedubois.com\/wp-content\/uploads\/2026\/02\/IMG_3203-200x300.webp 200w, https:\/\/charlinedubois.com\/wp-content\/uploads\/2026\/02\/IMG_3203-768x1152.webp 768w, https:\/\/charlinedubois.com\/wp-content\/uploads\/2026\/02\/IMG_3203-1024x1536.webp 1024w, https:\/\/charlinedubois.com\/wp-content\/uploads\/2026\/02\/IMG_3203-1365x2048.webp 1365w, https:\/\/charlinedubois.com\/wp-content\/uploads\/2026\/02\/IMG_3203.webp 1600w\" sizes=\"auto, (max-width: 683px) 100vw, 683px\" \/><\/figure>\n<\/div>\n\n\n\n<div class=\"wp-block-column is-layout-flow wp-block-column-is-layout-flow\" style=\"flex-basis:33.62%\">\n<figure class=\"wp-block-image size-large\"><img loading=\"lazy\" decoding=\"async\" width=\"684\" height=\"1024\" src=\"https:\/\/jacknbob.fr\/charlinedubois\/wp-content\/uploads\/2026\/02\/IMG_3261-684x1024.webp\" alt=\"\" class=\"wp-image-6323\" srcset=\"https:\/\/charlinedubois.com\/wp-content\/uploads\/2026\/02\/IMG_3261-684x1024.webp 684w, https:\/\/charlinedubois.com\/wp-content\/uploads\/2026\/02\/IMG_3261-200x300.webp 200w, https:\/\/charlinedubois.com\/wp-content\/uploads\/2026\/02\/IMG_3261-768x1150.webp 768w, https:\/\/charlinedubois.com\/wp-content\/uploads\/2026\/02\/IMG_3261-1026x1536.webp 1026w, https:\/\/charlinedubois.com\/wp-content\/uploads\/2026\/02\/IMG_3261-1368x2048.webp 1368w, https:\/\/charlinedubois.com\/wp-content\/uploads\/2026\/02\/IMG_3261.webp 1600w\" sizes=\"auto, (max-width: 684px) 100vw, 684px\" \/><\/figure>\n<\/div>\n<\/div>\n\n\n\n<div class=\"wp-block-columns alignwide is-layout-flex wp-container-core-columns-is-layout-c24efe4f wp-block-columns-is-layout-flex\">\n<div class=\"wp-block-column is-layout-flow wp-block-column-is-layout-flow\" style=\"flex-basis:69%\">\n<figure class=\"wp-block-image size-large\"><img loading=\"lazy\" decoding=\"async\" width=\"1024\" height=\"683\" src=\"https:\/\/jacknbob.fr\/charlinedubois\/wp-content\/uploads\/2026\/02\/IMG_3080-1024x683.webp\" alt=\"\" class=\"wp-image-6289\" srcset=\"https:\/\/charlinedubois.com\/wp-content\/uploads\/2026\/02\/IMG_3080-1024x683.webp 1024w, https:\/\/charlinedubois.com\/wp-content\/uploads\/2026\/02\/IMG_3080-300x200.webp 300w, https:\/\/charlinedubois.com\/wp-content\/uploads\/2026\/02\/IMG_3080-768x512.webp 768w, https:\/\/charlinedubois.com\/wp-content\/uploads\/2026\/02\/IMG_3080-1536x1024.webp 1536w, https:\/\/charlinedubois.com\/wp-content\/uploads\/2026\/02\/IMG_3080.webp 1600w\" sizes=\"auto, (max-width: 1024px) 100vw, 1024px\" \/><\/figure>\n<\/div>\n\n\n\n<div class=\"wp-block-column is-vertically-aligned-center is-layout-flow wp-block-column-is-layout-flow\" style=\"flex-basis:33%\">\n<div style=\"height:2vw\" aria-hidden=\"true\" class=\"wp-block-spacer\"><\/div>\n\n\n<\/div>\n<\/div>\n\n\n\n<div class=\"wp-block-columns alignwide is-layout-flex wp-container-core-columns-is-layout-21b20327 wp-block-columns-is-layout-flex\">\n<div class=\"wp-block-column is-layout-flow wp-block-column-is-layout-flow\" style=\"flex-basis:33.38%\"><\/div>\n\n\n\n<div class=\"wp-block-column is-layout-flow wp-block-column-is-layout-flow\" style=\"flex-basis:33%\">\n<div style=\"height:2vw\" aria-hidden=\"true\" class=\"wp-block-spacer\"><\/div>\n\n\n\n<figure class=\"wp-block-image size-large\"><img loading=\"lazy\" decoding=\"async\" width=\"683\" height=\"1024\" src=\"https:\/\/jacknbob.fr\/charlinedubois\/wp-content\/uploads\/2026\/02\/IMG_3228-683x1024.webp\" alt=\"\" class=\"wp-image-6316\" srcset=\"https:\/\/charlinedubois.com\/wp-content\/uploads\/2026\/02\/IMG_3228-683x1024.webp 683w, https:\/\/charlinedubois.com\/wp-content\/uploads\/2026\/02\/IMG_3228-200x300.webp 200w, https:\/\/charlinedubois.com\/wp-content\/uploads\/2026\/02\/IMG_3228-768x1152.webp 768w, https:\/\/charlinedubois.com\/wp-content\/uploads\/2026\/02\/IMG_3228-1024x1536.webp 1024w, https:\/\/charlinedubois.com\/wp-content\/uploads\/2026\/02\/IMG_3228-1365x2048.webp 1365w, https:\/\/charlinedubois.com\/wp-content\/uploads\/2026\/02\/IMG_3228.webp 1600w\" sizes=\"auto, (max-width: 683px) 100vw, 683px\" \/><\/figure>\n<\/div>\n\n\n\n<div class=\"wp-block-column is-layout-flow wp-block-column-is-layout-flow\" style=\"flex-basis:33.62%\">\n<figure class=\"wp-block-image size-large\"><img loading=\"lazy\" decoding=\"async\" width=\"1024\" height=\"683\" src=\"https:\/\/jacknbob.fr\/charlinedubois\/wp-content\/uploads\/2026\/02\/IMG_3232-1024x683.webp\" alt=\"\" class=\"wp-image-6317\" srcset=\"https:\/\/charlinedubois.com\/wp-content\/uploads\/2026\/02\/IMG_3232-1024x683.webp 1024w, https:\/\/charlinedubois.com\/wp-content\/uploads\/2026\/02\/IMG_3232-300x200.webp 300w, https:\/\/charlinedubois.com\/wp-content\/uploads\/2026\/02\/IMG_3232-768x512.webp 768w, https:\/\/charlinedubois.com\/wp-content\/uploads\/2026\/02\/IMG_3232-1536x1024.webp 1536w, https:\/\/charlinedubois.com\/wp-content\/uploads\/2026\/02\/IMG_3232.webp 1600w\" sizes=\"auto, (max-width: 1024px) 100vw, 1024px\" \/><\/figure>\n\n\n\n<figure class=\"wp-block-image size-large\" style=\"margin-top:var(--wp--preset--spacing--60);margin-bottom:0\"><img loading=\"lazy\" decoding=\"async\" width=\"1024\" height=\"682\" src=\"https:\/\/jacknbob.fr\/charlinedubois\/wp-content\/uploads\/2026\/02\/IMG_3190-1024x682.webp\" alt=\"\" class=\"wp-image-6307\" srcset=\"https:\/\/charlinedubois.com\/wp-content\/uploads\/2026\/02\/IMG_3190-1024x682.webp 1024w, https:\/\/charlinedubois.com\/wp-content\/uploads\/2026\/02\/IMG_3190-300x200.webp 300w, https:\/\/charlinedubois.com\/wp-content\/uploads\/2026\/02\/IMG_3190-768x512.webp 768w, https:\/\/charlinedubois.com\/wp-content\/uploads\/2026\/02\/IMG_3190-1536x1023.webp 1536w, https:\/\/charlinedubois.com\/wp-content\/uploads\/2026\/02\/IMG_3190.webp 1600w\" sizes=\"auto, (max-width: 1024px) 100vw, 1024px\" \/><\/figure>\n<\/div>\n<\/div>\n\n\n\n<div class=\"wp-block-columns alignwide is-layout-flex wp-container-core-columns-is-layout-c24efe4f wp-block-columns-is-layout-flex\">\n<div class=\"wp-block-column is-layout-flow wp-block-column-is-layout-flow\" style=\"flex-basis:69%\">\n<figure class=\"wp-block-image size-large\"><img loading=\"lazy\" decoding=\"async\" width=\"1024\" height=\"747\" src=\"https:\/\/jacknbob.fr\/charlinedubois\/wp-content\/uploads\/2026\/02\/IMG_3177-1024x747.webp\" alt=\"\" class=\"wp-image-6302\" srcset=\"https:\/\/charlinedubois.com\/wp-content\/uploads\/2026\/02\/IMG_3177-1024x747.webp 1024w, https:\/\/charlinedubois.com\/wp-content\/uploads\/2026\/02\/IMG_3177-300x219.webp 300w, https:\/\/charlinedubois.com\/wp-content\/uploads\/2026\/02\/IMG_3177-768x560.webp 768w, https:\/\/charlinedubois.com\/wp-content\/uploads\/2026\/02\/IMG_3177-1536x1120.webp 1536w, https:\/\/charlinedubois.com\/wp-content\/uploads\/2026\/02\/IMG_3177.webp 1600w\" sizes=\"auto, (max-width: 1024px) 100vw, 1024px\" \/><\/figure>\n<\/div>\n\n\n\n<div class=\"wp-block-column is-vertically-aligned-center is-layout-flow wp-block-column-is-layout-flow\" style=\"flex-basis:33%\">\n<div style=\"height:2vw\" aria-hidden=\"true\" class=\"wp-block-spacer\"><\/div>\n\n\n<\/div>\n<\/div>\n\n\n\n<div class=\"wp-block-columns alignwide is-layout-flex wp-container-core-columns-is-layout-21b20327 wp-block-columns-is-layout-flex\">\n<div class=\"wp-block-column is-layout-flow wp-block-column-is-layout-flow\" style=\"flex-basis:33.38%\"><\/div>\n\n\n\n<div class=\"wp-block-column is-layout-flow wp-block-column-is-layout-flow\" style=\"flex-basis:33%\">\n<div style=\"height:2vw\" aria-hidden=\"true\" class=\"wp-block-spacer\"><\/div>\n\n\n\n<figure class=\"wp-block-image size-large\"><img loading=\"lazy\" decoding=\"async\" width=\"683\" height=\"1024\" src=\"https:\/\/jacknbob.fr\/charlinedubois\/wp-content\/uploads\/2026\/02\/IMG_3221-683x1024.webp\" alt=\"\" class=\"wp-image-6314\" srcset=\"https:\/\/charlinedubois.com\/wp-content\/uploads\/2026\/02\/IMG_3221-683x1024.webp 683w, https:\/\/charlinedubois.com\/wp-content\/uploads\/2026\/02\/IMG_3221-200x300.webp 200w, https:\/\/charlinedubois.com\/wp-content\/uploads\/2026\/02\/IMG_3221-768x1152.webp 768w, https:\/\/charlinedubois.com\/wp-content\/uploads\/2026\/02\/IMG_3221-1024x1536.webp 1024w, https:\/\/charlinedubois.com\/wp-content\/uploads\/2026\/02\/IMG_3221-1365x2048.webp 1365w, https:\/\/charlinedubois.com\/wp-content\/uploads\/2026\/02\/IMG_3221.webp 1600w\" sizes=\"auto, (max-width: 683px) 100vw, 683px\" \/><\/figure>\n<\/div>\n\n\n\n<div class=\"wp-block-column is-layout-flow wp-block-column-is-layout-flow\" style=\"flex-basis:33.62%\">\n<figure class=\"wp-block-image size-large\"><img loading=\"lazy\" decoding=\"async\" width=\"682\" height=\"1024\" src=\"https:\/\/jacknbob.fr\/charlinedubois\/wp-content\/uploads\/2026\/02\/IMG_3223-682x1024.webp\" alt=\"\" class=\"wp-image-6315\" srcset=\"https:\/\/charlinedubois.com\/wp-content\/uploads\/2026\/02\/IMG_3223-682x1024.webp 682w, https:\/\/charlinedubois.com\/wp-content\/uploads\/2026\/02\/IMG_3223-200x300.webp 200w, https:\/\/charlinedubois.com\/wp-content\/uploads\/2026\/02\/IMG_3223-768x1152.webp 768w, https:\/\/charlinedubois.com\/wp-content\/uploads\/2026\/02\/IMG_3223-1024x1536.webp 1024w, https:\/\/charlinedubois.com\/wp-content\/uploads\/2026\/02\/IMG_3223-1365x2048.webp 1365w, https:\/\/charlinedubois.com\/wp-content\/uploads\/2026\/02\/IMG_3223.webp 1600w\" sizes=\"auto, (max-width: 682px) 100vw, 682px\" \/><\/figure>\n<\/div>\n<\/div>\n\n\n\n<div class=\"wp-block-columns alignwide is-layout-flex wp-container-core-columns-is-layout-c24efe4f wp-block-columns-is-layout-flex\">\n<div class=\"wp-block-column is-layout-flow wp-block-column-is-layout-flow\" style=\"flex-basis:69%\">\n<figure class=\"wp-block-image size-large\"><img loading=\"lazy\" decoding=\"async\" width=\"683\" height=\"1024\" src=\"https:\/\/jacknbob.fr\/charlinedubois\/wp-content\/uploads\/2026\/02\/IMG_3180-683x1024.webp\" alt=\"\" class=\"wp-image-6303\" srcset=\"https:\/\/charlinedubois.com\/wp-content\/uploads\/2026\/02\/IMG_3180-683x1024.webp 683w, https:\/\/charlinedubois.com\/wp-content\/uploads\/2026\/02\/IMG_3180-200x300.webp 200w, https:\/\/charlinedubois.com\/wp-content\/uploads\/2026\/02\/IMG_3180-768x1152.webp 768w, https:\/\/charlinedubois.com\/wp-content\/uploads\/2026\/02\/IMG_3180-1024x1536.webp 1024w, https:\/\/charlinedubois.com\/wp-content\/uploads\/2026\/02\/IMG_3180-1365x2048.webp 1365w, https:\/\/charlinedubois.com\/wp-content\/uploads\/2026\/02\/IMG_3180.webp 1600w\" sizes=\"auto, (max-width: 683px) 100vw, 683px\" \/><\/figure>\n<\/div>\n\n\n\n<div class=\"wp-block-column is-vertically-aligned-center is-layout-flow wp-block-column-is-layout-flow\" style=\"flex-basis:33%\">\n<div style=\"height:2vw\" aria-hidden=\"true\" class=\"wp-block-spacer\"><\/div>\n\n\n\n<figure class=\"wp-block-image size-large\"><img loading=\"lazy\" decoding=\"async\" width=\"683\" height=\"1024\" src=\"https:\/\/jacknbob.fr\/charlinedubois\/wp-content\/uploads\/2026\/02\/IMG_3173-683x1024.webp\" alt=\"\" class=\"wp-image-6301\" srcset=\"https:\/\/charlinedubois.com\/wp-content\/uploads\/2026\/02\/IMG_3173-683x1024.webp 683w, https:\/\/charlinedubois.com\/wp-content\/uploads\/2026\/02\/IMG_3173-200x300.webp 200w, https:\/\/charlinedubois.com\/wp-content\/uploads\/2026\/02\/IMG_3173-768x1152.webp 768w, https:\/\/charlinedubois.com\/wp-content\/uploads\/2026\/02\/IMG_3173-1024x1536.webp 1024w, https:\/\/charlinedubois.com\/wp-content\/uploads\/2026\/02\/IMG_3173-1365x2048.webp 1365w, https:\/\/charlinedubois.com\/wp-content\/uploads\/2026\/02\/IMG_3173.webp 1600w\" sizes=\"auto, (max-width: 683px) 100vw, 683px\" \/><\/figure>\n\n\n<\/div>\n<\/div>\n\n\n\n<div class=\"wp-block-columns alignwide is-layout-flex wp-container-core-columns-is-layout-c24efe4f wp-block-columns-is-layout-flex\">\n<div class=\"wp-block-column is-layout-flow wp-block-column-is-layout-flow\" style=\"flex-basis:69%\">\n<figure class=\"wp-block-image size-large\"><img loading=\"lazy\" decoding=\"async\" width=\"1024\" height=\"683\" src=\"https:\/\/jacknbob.fr\/charlinedubois\/wp-content\/uploads\/2026\/02\/IMG_31861-1024x683.webp\" alt=\"\" class=\"wp-image-6305\" srcset=\"https:\/\/charlinedubois.com\/wp-content\/uploads\/2026\/02\/IMG_31861-1024x683.webp 1024w, https:\/\/charlinedubois.com\/wp-content\/uploads\/2026\/02\/IMG_31861-300x200.webp 300w, https:\/\/charlinedubois.com\/wp-content\/uploads\/2026\/02\/IMG_31861-768x512.webp 768w, https:\/\/charlinedubois.com\/wp-content\/uploads\/2026\/02\/IMG_31861-1536x1024.webp 1536w, https:\/\/charlinedubois.com\/wp-content\/uploads\/2026\/02\/IMG_31861.webp 1600w\" sizes=\"auto, (max-width: 1024px) 100vw, 1024px\" \/><\/figure>\n<\/div>\n\n\n\n<div class=\"wp-block-column is-vertically-aligned-center is-layout-flow wp-block-column-is-layout-flow\" style=\"flex-basis:33%\">\n<figure class=\"wp-block-image size-large\"><img loading=\"lazy\" decoding=\"async\" width=\"683\" height=\"1024\" src=\"https:\/\/jacknbob.fr\/charlinedubois\/wp-content\/uploads\/2026\/02\/IMG_3241-683x1024.webp\" alt=\"\" class=\"wp-image-6319\" srcset=\"https:\/\/charlinedubois.com\/wp-content\/uploads\/2026\/02\/IMG_3241-683x1024.webp 683w, https:\/\/charlinedubois.com\/wp-content\/uploads\/2026\/02\/IMG_3241-200x300.webp 200w, https:\/\/charlinedubois.com\/wp-content\/uploads\/2026\/02\/IMG_3241-768x1152.webp 768w, https:\/\/charlinedubois.com\/wp-content\/uploads\/2026\/02\/IMG_3241-1024x1536.webp 1024w, https:\/\/charlinedubois.com\/wp-content\/uploads\/2026\/02\/IMG_3241-1365x2048.webp 1365w, https:\/\/charlinedubois.com\/wp-content\/uploads\/2026\/02\/IMG_3241.webp 1600w\" sizes=\"auto, (max-width: 683px) 100vw, 683px\" \/><\/figure>\n<\/div>\n<\/div>\n\n\n\n<div class=\"wp-block-columns alignwide is-layout-flex wp-container-core-columns-is-layout-21b20327 wp-block-columns-is-layout-flex\">\n<div class=\"wp-block-column is-layout-flow wp-block-column-is-layout-flow\" style=\"flex-basis:33%\">\n<div style=\"height:2vw\" aria-hidden=\"true\" class=\"wp-block-spacer\"><\/div>\n<\/div>\n\n\n\n<div class=\"wp-block-column is-layout-flow wp-block-column-is-layout-flow\" style=\"flex-basis:33.62%\"><\/div>\n<\/div>\n<\/div>\n<\/div>\n\n\n\n<div class=\"wp-block-cover alignfull is-light\" style=\"margin-top:var(--wp--preset--spacing--80);margin-bottom:150px;padding-top:24px;padding-right:57px;padding-bottom:24px;padding-left:57px;min-height:500px;aspect-ratio:unset;\"><span aria-hidden=\"true\" class=\"wp-block-cover__background has-ti-bg-inv-background-color has-background-dim-100 has-background-dim\"><\/span><div class=\"wp-block-cover__inner-container is-layout-flow wp-container-core-cover-is-layout-2681add6 wp-block-cover-is-layout-flow\">\n<div class=\"wp-block-group has-ti-fg-alt-color has-text-color is-layout-constrained wp-container-core-group-is-layout-5a30f31b wp-block-group-is-layout-constrained\">\n<h2 class=\"wp-block-heading alignwide has-text-align-center has-custom-gris-3-color has-text-color has-link-color has-england-signature-font-family wp-elements-41c557de8cbd24a7d23b2184e4c32789\" style=\"margin-right:var(--wp--preset--spacing--80);margin-left:var(--wp--preset--spacing--80);font-size:clamp(42.901px, 2.681rem + ((1vw - 3.2px) * 3.055), 82px);font-style:normal;font-weight:400\">Et si le prochain projet \u00e9tait le v\u00f4tre ?<\/h2>\n\n\n\n<p class=\"has-text-align-center has-custom-gris-3-color has-text-color has-link-color wp-elements-5190e4d60b24b3dd98ef1e555084eaaa\" style=\"font-size:clamp(14px, 0.875rem + ((1vw - 3.2px) * 0.156), 16px);\">Chaque int\u00e9rieur peut r\u00e9v\u00e9ler un potentiel insoup\u00e7onn\u00e9 avec une r\u00e9flexion adapt\u00e9e.<br>Construisons ensemble un projet \u00e0 votre image.<\/p>\n\n\n\n<div class=\"wp-block-buttons is-content-justification-center is-layout-flex wp-container-core-buttons-is-layout-b30bd9b3 wp-block-buttons-is-layout-flex\" style=\"margin-top:var(--wp--preset--spacing--70)\">\n<div class=\"wp-block-button is-style-fill\"><a class=\"wp-block-button__link has-ti-bg-color has-ti-accent-background-color has-text-color has-background has-link-color wp-element-button\" href=\"https:\/\/charlinedubois.com\/index.php\/contact\/\" style=\"border-width:1px;border-top-left-radius:100px;border-top-right-radius:100px;border-bottom-left-radius:100px;border-bottom-right-radius:100px;padding-top:0;padding-bottom:0;font-style:normal;font-weight:300\">Donner vie \u00e0 mon projet<\/a><\/div>\n<\/div>\n<\/div>\n<\/div><\/div>\n","protected":false},"excerpt":{"rendered":"<p>R\u00e9alisations Chaque projet incarne une vision.D\u2019un espace existant \u00e0 un int\u00e9rieur structur\u00e9, harmonieux et optimis\u00e9, chaque r\u00e9alisation traduit une approche sur mesure alliant architecture int\u00e9rieure, d\u00e9coration et sens du d\u00e9tail.Des lieux pens\u00e9s pour durer, s\u2019adapter et r\u00e9v\u00e9ler tout leur potentiel.<\/p>\n","protected":false},"author":1,"featured_media":0,"parent":0,"menu_order":0,"comment_status":"closed","ping_status":"closed","template":"template-plain","meta":{"_themeisle_gutenberg_block_has_review":false,"footnotes":""},"class_list":["post-6038","page","type-page","status-publish","hentry"],"_links":{"self":[{"href":"https:\/\/charlinedubois.com\/index.php\/wp-json\/wp\/v2\/pages\/6038","targetHints":{"allow":["GET"]}}],"collection":[{"href":"https:\/\/charlinedubois.com\/index.php\/wp-json\/wp\/v2\/pages"}],"about":[{"href":"https:\/\/charlinedubois.com\/index.php\/wp-json\/wp\/v2\/types\/page"}],"author":[{"embeddable":true,"href":"https:\/\/charlinedubois.com\/index.php\/wp-json\/wp\/v2\/users\/1"}],"replies":[{"embeddable":true,"href":"https:\/\/charlinedubois.com\/index.php\/wp-json\/wp\/v2\/comments?post=6038"}],"version-history":[{"count":14,"href":"https:\/\/charlinedubois.com\/index.php\/wp-json\/wp\/v2\/pages\/6038\/revisions"}],"predecessor-version":[{"id":7018,"href":"https:\/\/charlinedubois.com\/index.php\/wp-json\/wp\/v2\/pages\/6038\/revisions\/7018"}],"wp:attachment":[{"href":"https:\/\/charlinedubois.com\/index.php\/wp-json\/wp\/v2\/media?parent=6038"}],"curies":[{"name":"wp","href":"https:\/\/api.w.org\/{rel}","templated":true}]}}